{"id":261,"date":"2021-06-23T19:47:50","date_gmt":"2021-06-23T17:47:50","guid":{"rendered":"https:\/\/ostravacentral.cz\/zasady-ochrany-osobnich-udaju\/"},"modified":"2021-08-01T13:54:12","modified_gmt":"2021-08-01T11:54:12","slug":"personal-data-protection-principles","status":"publish","type":"page","link":"https:\/\/ostravacentral.cz\/en\/personal-data-protection-principles\/","title":{"rendered":"Personal data protection principles"},"content":{"rendered":"","protected":false},"excerpt":{"rendered":"","protected":false},"author":1,"featured_media":0,"parent":0,"menu_order":0,"comment_status":"closed","ping_status":"open","template":"templates\/other-template.php","meta":{"footnotes":""},"class_list":["post-261","page","type-page","status-publish","hentry"],"yoast_head":"<!-- This site is optimized with the Yoast SEO plugin v16.8 - https:\/\/yoast.com\/wordpress\/plugins\/seo\/ -->\n<meta name=\"robots\" content=\"index, follow, max-snippet:-1, max-image-preview:large, max-video-preview:-1\" \/>\n<link rel=\"canonical\" href=\"https:\/\/ostravacentral.cz\/en\/personal-data-protection-principles\/\" \/>\n<meta property=\"og:locale\" content=\"en_US\" \/>\n<meta property=\"og:type\" content=\"article\" \/>\n<meta property=\"og:title\" content=\"Personal data protection principles - P3 Ostrava\" \/>\n<meta property=\"og:url\" content=\"https:\/\/ostravacentral.cz\/en\/personal-data-protection-principles\/\" \/>\n<meta property=\"og:site_name\" content=\"P3 Ostrava\" \/>\n<meta property=\"article:modified_time\" content=\"2021-08-01T11:54:12+00:00\" \/>\n<meta name=\"twitter:card\" content=\"summary_large_image\" \/>\n<script type=\"application\/ld+json\" class=\"yoast-schema-graph\">{\"@context\":\"https:\/\/schema.org\",\"@graph\":[{\"@type\":\"WebSite\",\"@id\":\"https:\/\/ostravacentral.cz\/#website\",\"url\":\"https:\/\/ostravacentral.cz\/\",\"name\":\"P3 Ostrava\",\"description\":\"Dal\\u0161\\u00ed web pou\\u017e\\u00edvaj\\u00edc\\u00ed WordPress\",\"potentialAction\":[{\"@type\":\"SearchAction\",\"target\":{\"@type\":\"EntryPoint\",\"urlTemplate\":\"https:\/\/ostravacentral.cz\/?s={search_term_string}\"},\"query-input\":\"required name=search_term_string\"}],\"inLanguage\":\"en-US\"},{\"@type\":\"WebPage\",\"@id\":\"https:\/\/ostravacentral.cz\/en\/personal-data-protection-principles\/#webpage\",\"url\":\"https:\/\/ostravacentral.cz\/en\/personal-data-protection-principles\/\",\"name\":\"Personal data protection principles - P3 Ostrava\",\"isPartOf\":{\"@id\":\"https:\/\/ostravacentral.cz\/#website\"},\"datePublished\":\"2021-06-23T17:47:50+00:00\",\"dateModified\":\"2021-08-01T11:54:12+00:00\",\"breadcrumb\":{\"@id\":\"https:\/\/ostravacentral.cz\/en\/personal-data-protection-principles\/#breadcrumb\"},\"inLanguage\":\"en-US\",\"potentialAction\":[{\"@type\":\"ReadAction\",\"target\":[\"https:\/\/ostravacentral.cz\/en\/personal-data-protection-principles\/\"]}]},{\"@type\":\"BreadcrumbList\",\"@id\":\"https:\/\/ostravacentral.cz\/en\/personal-data-protection-principles\/#breadcrumb\",\"itemListElement\":[{\"@type\":\"ListItem\",\"position\":1,\"name\":\"Dom\\u016f\",\"item\":\"https:\/\/ostravacentral.cz\/en\/\"},{\"@type\":\"ListItem\",\"position\":2,\"name\":\"Personal data protection principles\"}]}]}<\/script>\n<!-- \/ Yoast SEO plugin. -->","yoast_head_json":{"robots":{"index":"index","follow":"follow","max-snippet":"max-snippet:-1","max-image-preview":"max-image-preview:large","max-video-preview":"max-video-preview:-1"},"canonical":"https:\/\/ostravacentral.cz\/en\/personal-data-protection-principles\/","og_locale":"en_US","og_type":"article","og_title":"Personal data protection principles - P3 Ostrava","og_url":"https:\/\/ostravacentral.cz\/en\/personal-data-protection-principles\/","og_site_name":"P3 Ostrava","article_modified_time":"2021-08-01T11:54:12+00:00","twitter_card":"summary_large_image","schema":{"@context":"https:\/\/schema.org","@graph":[{"@type":"WebSite","@id":"https:\/\/ostravacentral.cz\/#website","url":"https:\/\/ostravacentral.cz\/","name":"P3 Ostrava","description":"Dal\u0161\u00ed web pou\u017e\u00edvaj\u00edc\u00ed WordPress","potentialAction":[{"@type":"SearchAction","target":{"@type":"EntryPoint","urlTemplate":"https:\/\/ostravacentral.cz\/?s={search_term_string}"},"query-input":"required name=search_term_string"}],"inLanguage":"en-US"},{"@type":"WebPage","@id":"https:\/\/ostravacentral.cz\/en\/personal-data-protection-principles\/#webpage","url":"https:\/\/ostravacentral.cz\/en\/personal-data-protection-principles\/","name":"Personal data protection principles - P3 Ostrava","isPartOf":{"@id":"https:\/\/ostravacentral.cz\/#website"},"datePublished":"2021-06-23T17:47:50+00:00","dateModified":"2021-08-01T11:54:12+00:00","breadcrumb":{"@id":"https:\/\/ostravacentral.cz\/en\/personal-data-protection-principles\/#breadcrumb"},"inLanguage":"en-US","potentialAction":[{"@type":"ReadAction","target":["https:\/\/ostravacentral.cz\/en\/personal-data-protection-principles\/"]}]},{"@type":"BreadcrumbList","@id":"https:\/\/ostravacentral.cz\/en\/personal-data-protection-principles\/#breadcrumb","itemListElement":[{"@type":"ListItem","position":1,"name":"Dom\u016f","item":"https:\/\/ostravacentral.cz\/en\/"},{"@type":"ListItem","position":2,"name":"Personal data protection principles"}]}]}},"_links":{"self":[{"href":"https:\/\/ostravacentral.cz\/en\/wp-json\/wp\/v2\/pages\/261","targetHints":{"allow":["GET"]}}],"collection":[{"href":"https:\/\/ostravacentral.cz\/en\/wp-json\/wp\/v2\/pages"}],"about":[{"href":"https:\/\/ostravacentral.cz\/en\/wp-json\/wp\/v2\/types\/page"}],"author":[{"embeddable":true,"href":"https:\/\/ostravacentral.cz\/en\/wp-json\/wp\/v2\/users\/1"}],"replies":[{"embeddable":true,"href":"https:\/\/ostravacentral.cz\/en\/wp-json\/wp\/v2\/comments?post=261"}],"version-history":[{"count":3,"href":"https:\/\/ostravacentral.cz\/en\/wp-json\/wp\/v2\/pages\/261\/revisions"}],"predecessor-version":[{"id":264,"href":"https:\/\/ostravacentral.cz\/en\/wp-json\/wp\/v2\/pages\/261\/revisions\/264"}],"wp:attachment":[{"href":"https:\/\/ostravacentral.cz\/en\/wp-json\/wp\/v2\/media?parent=261"}],"curies":[{"name":"wp","href":"https:\/\/api.w.org\/{rel}","templated":true}]}}