{"id":284,"date":"2021-12-28T16:32:48","date_gmt":"2021-12-28T15:32:48","guid":{"rendered":"https:\/\/ostravacentral.cz\/?page_id=284"},"modified":"2021-12-28T16:51:24","modified_gmt":"2021-12-28T15:51:24","slug":"cookies","status":"publish","type":"page","link":"https:\/\/ostravacentral.cz\/en\/cookies\/","title":{"rendered":"Information about cookies on this page"},"content":{"rendered":"<h2>Co je to Cookie?<\/h2>\n<p>Cookie je kr\u00e1tk\u00fd textov\u00fd soubor, kter\u00fd si ukl\u00e1d\u00e1 V\u00e1mi nav\u0161t\u00edven\u00e1 webov\u00e1 str\u00e1nka ve Va\u0161em prohl\u00ed\u017ee\u010di. Umo\u017enuje webov\u00e9 str\u00e1nce zaznamenat nap\u0159\u00edklad informaci o Va\u0161\u00ed n\u00e1v\u0161t\u011bv\u011b, nastaven\u00ed \u010dasu, volbu jazyka apod. po ur\u010ditou dobu. P\u0159\u00ed\u0161t\u00ed n\u00e1v\u0161t\u011bva t\u00edm m\u016f\u017ee b\u00fdt pro V\u00e1s sna\u017e\u0161\u00ed, proto\u017ee ji\u017e nemus\u00edte nastavovat webovou str\u00e1nku znovu.<\/p>\n<p>&nbsp;<\/p>\n<h2>Jak\u00e9 Cookies u n\u00e1s naleznete?<\/h2>\n<p>Na na\u0161\u00ed webov\u00e9 str\u00e1nce naleznete intern\u00ed cookies, s platnost\u00ed 1 m\u011bs\u00edc, kter\u00e9 nastavuj\u00ed cookies bar. D\u00e1le zde naleznete cookies t\u0159et\u00edch stran d\u00edky kter\u00fdm m\u016f\u017eeme zlep\u0161ovat a analyzovat na\u0161\u00ed webovou str\u00e1nku. Seznam v\u0161ech cookies, kter\u00e9 se u n\u00e1s nach\u00e1zej\u00ed naleznete n\u00ed\u017ee rozd\u011blen\u00e9 podle kategori\u00ed. Kdykoliv m\u016f\u017eete zm\u011bnit, kter\u00e9 cookies chcete povolit nebo zak\u00e1zat za pomoc\u00ed odkazu \/ tla\u010d\u00edtka &#8220;Nastaven\u00ed cookies&#8221; nach\u00e1zej\u00edc\u00ed se v na\u0161\u00ed pati\u010dce. Bez Va\u0161eho p\u0159edchoz\u00edho souhlasu se na na\u0161\u00ed webov\u00e9 str\u00e1nce neukl\u00e1d\u00e1 \u017e\u00e1dn\u00e9 cookies.<\/p>\n<p>&nbsp;<\/p>\n<p>Cookies si m\u016f\u017eete na webov\u00e9 str\u00e1nce povolit bu\u010f glob\u00e1ln\u011b za pomoc\u00ed tla\u010d\u00edtka &#8220;Povolit v\u0161e&#8221;, nebo si vybrat konkr\u00e9tn\u00ed kategorie za pomoc\u00ed kliknut\u00ed na odkaz &#8220;Podrobn\u011bj\u0161\u00ed nastaven\u00ed&#8221; v na\u0161em &#8220;Cookies baru&#8221;.<\/p>\n<p>&nbsp;<\/p>\n<hr \/>\n<h3>Nutn\u00e9 soubory cookies<\/h3>\n<table>\n<thead>\n<tr>\n<th>N\u00e1zev<\/th>\n<th>Dom\u00e9na<\/th>\n<th>Platnost<\/th>\n<th>Popis<\/th>\n<\/tr>\n<\/thead>\n<tbody>\n<tr>\n<td>cookies_bar_status<\/td>\n<td>.ostravacentral.cz<\/td>\n<td>1 m\u011bs\u00edc<\/td>\n<td>Pokud zam\u00edtnete nastaven\u00ed cookies nebo uzav\u0159ete cookies bar nastav\u00ed se toto cookie<\/td>\n<\/tr>\n<\/tbody>\n<\/table>\n<table>\n<thead>\n<tr>\n<th>N\u00e1zev<\/th>\n<th>Dom\u00e9na<\/th>\n<th>Platnost<\/th>\n<th>Popis<\/th>\n<\/tr>\n<\/thead>\n<tbody>\n<tr>\n<td>wp-wpml_current_language<\/td>\n<td>.ostravacentral.cz<\/td>\n<td>1 den<\/td>\n<td>Nastaven\u00ed jazyka webov\u00e9 str\u00e1nky<\/td>\n<\/tr>\n<\/tbody>\n<\/table>\n<h3>Marketingov\u00e9 a analytick\u00e9 cookies<\/h3>\n<table>\n<thead>\n<tr>\n<th>N\u00e1zev<\/th>\n<th>Dom\u00e9na<\/th>\n<th>Platnost<\/th>\n<th>Popis<\/th>\n<\/tr>\n<\/thead>\n<tbody>\n<tr>\n<td>cookies_bar_analytics<\/td>\n<td>.ostravacentral.cz<\/td>\n<td>1 m\u011bs\u00edc<\/td>\n<td>T\u00edmto cookies povol\u00edte vlo\u017een\u00ed script\u016f pro m\u011b\u0159en\u00ed n\u00e1v\u0161t\u011bvnosti webov\u00e9 str\u00e1nky a dal\u0161\u00edch marketingov\u00fdch m\u011b\u0159en\u00ed viz n\u00ed\u017ee.<\/td>\n<\/tr>\n<\/tbody>\n<\/table>\n<table>\n<thead>\n<tr>\n<th>N\u00e1zev<\/th>\n<th>Dom\u00e9na<\/th>\n<th>Platnost<\/th>\n<th>Popis<\/th>\n<\/tr>\n<\/thead>\n<tbody>\n<tr>\n<td>_ga<\/td>\n<td>.ostravacentral.cz<\/td>\n<td>2 roky<\/td>\n<td>Tento n\u00e1zev souboru cookie je spojen s Google Analytics. Tento soubor cookie se pou\u017e\u00edv\u00e1 k rozli\u0161en\u00ed jedine\u010dn\u00fdch u\u017eivatel\u016f p\u0159i\u0159azen\u00edm n\u00e1hodn\u011b vygenerovan\u00e9ho \u010d\u00edsla jako identifik\u00e1toru klienta. Je sou\u010d\u00e1st\u00ed ka\u017ed\u00e9ho po\u017eadavku na str\u00e1nku na webu a slou\u017e\u00ed k v\u00fdpo\u010dtu \u00fadaj\u016f o n\u00e1v\u0161t\u011bvn\u00edc\u00edch, relac\u00edch a kampan\u00edch pro analytick\u00e9 p\u0159ehledy web\u016f.<\/td>\n<\/tr>\n<\/tbody>\n<\/table>\n<table>\n<thead>\n<tr>\n<th>N\u00e1zev<\/th>\n<th>Dom\u00e9na<\/th>\n<th>Platnost<\/th>\n<th>Popis<\/th>\n<\/tr>\n<\/thead>\n<tbody>\n<tr>\n<td>_gat_UA-104192835-2<\/td>\n<td>.ostravacentral.cz<\/td>\n<td>1 minuta<\/td>\n<td>Toto cookies se pou\u017e\u00edv\u00e1 se k omezen\u00ed rychlosti po\u017eadavk\u016f.<\/td>\n<\/tr>\n<\/tbody>\n<\/table>\n<table>\n<thead>\n<tr>\n<th>N\u00e1zev<\/th>\n<th>Dom\u00e9na<\/th>\n<th>Platnost<\/th>\n<th>Popis<\/th>\n<\/tr>\n<\/thead>\n<tbody>\n<tr>\n<td>_gid<\/td>\n<td>.ostravacentral.cz<\/td>\n<td>1 den<\/td>\n<td>Tento soubor cookie nastavuje Google Analytics. Ukl\u00e1d\u00e1 a aktualizuje jedine\u010dnou hodnotu pro ka\u017edou nav\u0161t\u00edvenou str\u00e1nku a slou\u017e\u00ed k po\u010d\u00edt\u00e1n\u00ed a sledov\u00e1n\u00ed zobrazen\u00ed str\u00e1nek.<\/td>\n<\/tr>\n<\/tbody>\n<\/table>\n<table>\n<thead>\n<tr>\n<th>N\u00e1zev<\/th>\n<th>Dom\u00e9na<\/th>\n<th>Platnost<\/th>\n<th>Popis<\/th>\n<\/tr>\n<\/thead>\n<tbody>\n<tr>\n<td>sid<\/td>\n<td>.seznam.cz<\/td>\n<td>1 rok<\/td>\n<td>Sledov\u00e1n\u00ed konverz\u00ed v r\u00e1mci slu\u017eeb Seznam.cz . Tyto statistiky n\u00e1m \u0159\u00edkaj\u00ed, kolik bylo u\u017eivatel\u016f, kte\u0159\u00ed klikli na reklamu a otev\u0159eli webovou str\u00e1nku, kter\u00e1 obsahuje zna\u010dku pro m\u011b\u0159en\u00ed konverz\u00ed.<\/td>\n<\/tr>\n<\/tbody>\n<\/table>\n<table>\n<thead>\n<tr>\n<th>N\u00e1zev<\/th>\n<th>Dom\u00e9na<\/th>\n<th>Platnost<\/th>\n<th>Popis<\/th>\n<\/tr>\n<\/thead>\n<tbody>\n<tr>\n<td>AnalyticsSyncHistory<\/td>\n<td>.linkedin.com<\/td>\n<td>30 dn\u00ed<\/td>\n<td>Pou\u017e\u00edv\u00e1 se pro uchov\u00e1n\u00ed informac\u00ed o \u010dasu synchronizace se souborem cookie lms_analytics pro u\u017eivatele ve vyjmenovan\u00fdch zem\u00edch<\/td>\n<\/tr>\n<\/tbody>\n<\/table>\n<table>\n<thead>\n<tr>\n<th>N\u00e1zev<\/th>\n<th>Dom\u00e9na<\/th>\n<th>Platnost<\/th>\n<th>Popis<\/th>\n<\/tr>\n<\/thead>\n<tbody>\n<tr>\n<td>UserMatchHistory<\/td>\n<td>.linkedin.com<\/td>\n<td>30 dn\u00ed<\/td>\n<td>Synchronizace ID pro inzerci LinkedIn<\/td>\n<\/tr>\n<\/tbody>\n<\/table>\n<table>\n<thead>\n<tr>\n<th>N\u00e1zev<\/th>\n<th>Dom\u00e9na<\/th>\n<th>Platnost<\/th>\n<th>Popis<\/th>\n<\/tr>\n<\/thead>\n<tbody>\n<tr>\n<td>bcookie<\/td>\n<td>.linkedin.com<\/td>\n<td>30 dn\u00ed<\/td>\n<td>Soubor cookie Identifik\u00e1tor prohl\u00ed\u017ee\u010de pro unik\u00e1tn\u00ed identifikaci za\u0159\u00edzen\u00ed, kter\u00e1 p\u0159istupuj\u00ed na LinkedIn, pro zji\u0161t\u011bn\u00ed zneu\u017eit\u00ed platformy<\/td>\n<\/tr>\n<\/tbody>\n<\/table>\n<table>\n<thead>\n<tr>\n<th>N\u00e1zev<\/th>\n<th>Dom\u00e9na<\/th>\n<th>Platnost<\/th>\n<th>Popis<\/th>\n<\/tr>\n<\/thead>\n<tbody>\n<tr>\n<td>lang<\/td>\n<td>.linkedin.com<\/td>\n<td>Sessions<\/td>\n<td>Pou\u017e\u00edv\u00e1 se pro zji\u0161t\u011bn\u00ed nastaven\u00ed jazyka u\u017eivatelea zaji\u0161t\u011bn\u00ed, aby se web LinkedIn.com zobrazoval v jazyce, kter\u00fd u\u017eivatel zvolil v nastaven\u00ed.<\/td>\n<\/tr>\n<\/tbody>\n<\/table>\n<table>\n<thead>\n<tr>\n<th>N\u00e1zev<\/th>\n<th>Dom\u00e9na<\/th>\n<th>Platnost<\/th>\n<th>Popis<\/th>\n<\/tr>\n<\/thead>\n<tbody>\n<tr>\n<td>li_gc<\/td>\n<td>.linkedin.com<\/td>\n<td>2 roky<\/td>\n<td>Pou\u017e\u00edv\u00e1 se pro uchov\u00e1v\u00e1n\u00ed souhlasu n\u00e1v\u0161t\u011bvn\u00edk\u016f ohledn\u011b pou\u017eit\u00ed soubor\u016f cookie pro jin\u00e9 ne\u017e z\u00e1kladn\u00ed \u00fa\u010dely<\/td>\n<\/tr>\n<\/tbody>\n<\/table>\n<table>\n<thead>\n<tr>\n<th>N\u00e1zev<\/th>\n<th>Dom\u00e9na<\/th>\n<th>Platnost<\/th>\n<th>Popis<\/th>\n<\/tr>\n<\/thead>\n<tbody>\n<tr>\n<td>lidc<\/td>\n<td>.linkedin.com<\/td>\n<td>24 hodin<\/td>\n<td>Pro zjednodu\u0161en\u00ed v\u00fdb\u011bru datov\u00e9ho centra<\/td>\n<\/tr>\n<\/tbody>\n<\/table>\n<table>\n<thead>\n<tr>\n<th>N\u00e1zev<\/th>\n<th>Dom\u00e9na<\/th>\n<th>Platnost<\/th>\n<th>Popis<\/th>\n<\/tr>\n<\/thead>\n<tbody>\n<tr>\n<td>lang<\/td>\n<td>.ads.linkedin.com<\/td>\n<td>Sessions<\/td>\n<td>Nastaven\u00ed jazyka pro Linkedin.com reklamy<\/td>\n<\/tr>\n<\/tbody>\n<\/table>\n<table>\n<thead>\n<tr>\n<th>N\u00e1zev<\/th>\n<th>Dom\u00e9na<\/th>\n<th>Platnost<\/th>\n<th>Popis<\/th>\n<\/tr>\n<\/thead>\n<tbody>\n<tr>\n<td>lidc<\/td>\n<td>.doubleclick.net<\/td>\n<td>2 roky<\/td>\n<td>Toto cookies se pou\u017e\u00edv\u00e1 pro slu\u017eby, Google Ad Manager, Google analytics, Search Ads 360, Campaign Manager. Toto cookies se pou\u017e\u00edv\u00e1 k poskytov\u00e1n\u00ed c\u00edlen\u00fdch reklam, kter\u00e9 jsou pro v\u00e1s relevantn\u00ed na cel\u00e9m webu. C\u00edlen\u00e9 reklamy se v\u00e1m mohou zobrazovat na z\u00e1klad\u011b va\u0161eho p\u0159edchoz\u00ed n\u00e1v\u0161t\u011bvy tohoto webu.<\/td>\n<\/tr>\n<\/tbody>\n<\/table>\n<h3>U\u017eivatelsk\u00e1 zku\u0161enost<\/h3>\n<table>\n<thead>\n<tr>\n<th>N\u00e1zev<\/th>\n<th>Dom\u00e9na<\/th>\n<th>Platnost<\/th>\n<th>Popis<\/th>\n<\/tr>\n<\/thead>\n<tbody>\n<tr>\n<td>cookies_bar_captcha<\/td>\n<td>.ostravacentral.cz<\/td>\n<td>1 m\u011bs\u00edc<\/td>\n<td>Pokud V\u00e1m nastav\u00edme toto cookies vyp\u00ed\u0161eme V\u00e1m na webovou str\u00e1nku script, kter\u00fd V\u00e1m umo\u017en\u00ed odes\u00edlat formul\u00e1\u0159.<\/td>\n<\/tr>\n<\/tbody>\n<\/table>\n<table>\n<thead>\n<tr>\n<th>N\u00e1zev<\/th>\n<th>Dom\u00e9na<\/th>\n<th>Platnost<\/th>\n<th>Popis<\/th>\n<\/tr>\n<\/thead>\n<tbody>\n<tr>\n<td>NID<\/td>\n<td>.google.com<\/td>\n<td>6 m\u011bs\u00edc\u016f<\/td>\n<td>Google reCaptcha \u2013 slou\u017e\u00ed k zabezpe\u010den\u00ed formul\u00e1\u0159e proti odes\u00edl\u00e1n\u00ed spamov\u00fdch zpr\u00e1v roboty<\/td>\n<\/tr>\n<\/tbody>\n<\/table>\n<table>\n<thead>\n<tr>\n<th>N\u00e1zev<\/th>\n<th>Dom\u00e9na<\/th>\n<th>Platnost<\/th>\n<th>Popis<\/th>\n<\/tr>\n<\/thead>\n<tbody>\n<tr>\n<td>__Secure-3PAPISID, __Secure-3PSID<\/td>\n<td>.google.com<\/td>\n<td>2 roky<\/td>\n<td>Google reCaptcha \u2013 slou\u017e\u00ed k zabezpe\u010den\u00ed formul\u00e1\u0159e proti odes\u00edl\u00e1n\u00ed spamov\u00fdch zpr\u00e1v roboty<\/td>\n<\/tr>\n<\/tbody>\n<\/table>\n<table>\n<thead>\n<tr>\n<th>N\u00e1zev<\/th>\n<th>Dom\u00e9na<\/th>\n<th>Platnost<\/th>\n<th>Popis<\/th>\n<\/tr>\n<\/thead>\n<tbody>\n<tr>\n<td>__Secure-3PSIDCC<\/td>\n<td>.google.com<\/td>\n<td>1 rok<\/td>\n<td>Google reCaptcha \u2013 slou\u017e\u00ed k zabezpe\u010den\u00ed formul\u00e1\u0159e proti odes\u00edl\u00e1n\u00ed spamov\u00fdch zpr\u00e1v roboty<\/td>\n<\/tr>\n<\/tbody>\n<\/table>\n<table>\n<thead>\n<tr>\n<th>N\u00e1zev<\/th>\n<th>Dom\u00e9na<\/th>\n<th>Platnost<\/th>\n<th>Popis<\/th>\n<\/tr>\n<\/thead>\n<tbody>\n<tr>\n<td>_GRECAPTCHA<\/td>\n<td>.google.com<\/td>\n<td>6 m\u011bs\u00edc\u016f<\/td>\n<td>Google reCaptcha \u2013 slou\u017e\u00ed k zabezpe\u010den\u00ed formul\u00e1\u0159e proti odes\u00edl\u00e1n\u00ed spamov\u00fdch zpr\u00e1v roboty<\/td>\n<\/tr>\n<\/tbody>\n<\/table>\n","protected":false},"excerpt":{"rendered":"<p>Co je to Cookie? Cookie je kr\u00e1tk\u00fd textov\u00fd soubor, kter\u00fd si ukl\u00e1d\u00e1 V\u00e1mi nav\u0161t\u00edven\u00e1 webov\u00e1 str\u00e1nka ve Va\u0161em prohl\u00ed\u017ee\u010di. Umo\u017enuje webov\u00e9 str\u00e1nce zaznamenat nap\u0159\u00edklad informaci o Va\u0161\u00ed n\u00e1v\u0161t\u011bv\u011b, nastaven\u00ed \u010dasu, volbu jazyka apod. po ur\u010ditou dobu. P\u0159\u00ed\u0161t\u00ed n\u00e1v\u0161t\u011bva t\u00edm m\u016f\u017ee b\u00fdt pro V\u00e1s sna\u017e\u0161\u00ed, proto\u017ee ji\u017e nemus\u00edte nastavovat webovou str\u00e1nku znovu. &nbsp; Jak\u00e9 Cookies u [&hellip;]<\/p>\n","protected":false},"author":1,"featured_media":0,"parent":0,"menu_order":0,"comment_status":"closed","ping_status":"closed","template":"templates\/other-template.php","meta":{"footnotes":""},"class_list":["post-284","page","type-page","status-publish","hentry"],"yoast_head":"<!-- This site is optimized with the Yoast SEO plugin v16.8 - https:\/\/yoast.com\/wordpress\/plugins\/seo\/ -->\n<meta name=\"robots\" content=\"index, follow, max-snippet:-1, max-image-preview:large, max-video-preview:-1\" \/>\n<link rel=\"canonical\" href=\"https:\/\/ostravacentral.cz\/en\/cookies\/\" \/>\n<meta property=\"og:locale\" content=\"en_US\" \/>\n<meta property=\"og:type\" content=\"article\" \/>\n<meta property=\"og:title\" content=\"Information about cookies on this page - P3 Ostrava\" \/>\n<meta property=\"og:description\" content=\"Co je to Cookie? Cookie je kr\u00e1tk\u00fd textov\u00fd soubor, kter\u00fd si ukl\u00e1d\u00e1 V\u00e1mi nav\u0161t\u00edven\u00e1 webov\u00e1 str\u00e1nka ve Va\u0161em prohl\u00ed\u017ee\u010di. Umo\u017enuje webov\u00e9 str\u00e1nce zaznamenat nap\u0159\u00edklad informaci o Va\u0161\u00ed n\u00e1v\u0161t\u011bv\u011b, nastaven\u00ed \u010dasu, volbu jazyka apod. po ur\u010ditou dobu. P\u0159\u00ed\u0161t\u00ed n\u00e1v\u0161t\u011bva t\u00edm m\u016f\u017ee b\u00fdt pro V\u00e1s sna\u017e\u0161\u00ed, proto\u017ee ji\u017e nemus\u00edte nastavovat webovou str\u00e1nku znovu. &nbsp; Jak\u00e9 Cookies u [&hellip;]\" \/>\n<meta property=\"og:url\" content=\"https:\/\/ostravacentral.cz\/en\/cookies\/\" \/>\n<meta property=\"og:site_name\" content=\"P3 Ostrava\" \/>\n<meta property=\"article:modified_time\" content=\"2021-12-28T15:51:24+00:00\" \/>\n<meta name=\"twitter:card\" content=\"summary_large_image\" \/>\n<meta name=\"twitter:label1\" content=\"Est. reading time\" \/>\n\t<meta name=\"twitter:data1\" content=\"5 minutes\" \/>\n<script type=\"application\/ld+json\" class=\"yoast-schema-graph\">{\"@context\":\"https:\/\/schema.org\",\"@graph\":[{\"@type\":\"WebSite\",\"@id\":\"https:\/\/ostravacentral.cz\/#website\",\"url\":\"https:\/\/ostravacentral.cz\/\",\"name\":\"P3 Ostrava\",\"description\":\"Dal\\u0161\\u00ed web pou\\u017e\\u00edvaj\\u00edc\\u00ed WordPress\",\"potentialAction\":[{\"@type\":\"SearchAction\",\"target\":{\"@type\":\"EntryPoint\",\"urlTemplate\":\"https:\/\/ostravacentral.cz\/?s={search_term_string}\"},\"query-input\":\"required name=search_term_string\"}],\"inLanguage\":\"en-US\"},{\"@type\":\"WebPage\",\"@id\":\"https:\/\/ostravacentral.cz\/en\/cookies\/#webpage\",\"url\":\"https:\/\/ostravacentral.cz\/en\/cookies\/\",\"name\":\"Information about cookies on this page - P3 Ostrava\",\"isPartOf\":{\"@id\":\"https:\/\/ostravacentral.cz\/#website\"},\"datePublished\":\"2021-12-28T15:32:48+00:00\",\"dateModified\":\"2021-12-28T15:51:24+00:00\",\"breadcrumb\":{\"@id\":\"https:\/\/ostravacentral.cz\/en\/cookies\/#breadcrumb\"},\"inLanguage\":\"en-US\",\"potentialAction\":[{\"@type\":\"ReadAction\",\"target\":[\"https:\/\/ostravacentral.cz\/en\/cookies\/\"]}]},{\"@type\":\"BreadcrumbList\",\"@id\":\"https:\/\/ostravacentral.cz\/en\/cookies\/#breadcrumb\",\"itemListElement\":[{\"@type\":\"ListItem\",\"position\":1,\"name\":\"Dom\\u016f\",\"item\":\"https:\/\/ostravacentral.cz\/en\/\"},{\"@type\":\"ListItem\",\"position\":2,\"name\":\"Information about cookies on this page\"}]}]}<\/script>\n<!-- \/ Yoast SEO plugin. -->","yoast_head_json":{"robots":{"index":"index","follow":"follow","max-snippet":"max-snippet:-1","max-image-preview":"max-image-preview:large","max-video-preview":"max-video-preview:-1"},"canonical":"https:\/\/ostravacentral.cz\/en\/cookies\/","og_locale":"en_US","og_type":"article","og_title":"Information about cookies on this page - P3 Ostrava","og_description":"Co je to Cookie? Cookie je kr\u00e1tk\u00fd textov\u00fd soubor, kter\u00fd si ukl\u00e1d\u00e1 V\u00e1mi nav\u0161t\u00edven\u00e1 webov\u00e1 str\u00e1nka ve Va\u0161em prohl\u00ed\u017ee\u010di. Umo\u017enuje webov\u00e9 str\u00e1nce zaznamenat nap\u0159\u00edklad informaci o Va\u0161\u00ed n\u00e1v\u0161t\u011bv\u011b, nastaven\u00ed \u010dasu, volbu jazyka apod. po ur\u010ditou dobu. P\u0159\u00ed\u0161t\u00ed n\u00e1v\u0161t\u011bva t\u00edm m\u016f\u017ee b\u00fdt pro V\u00e1s sna\u017e\u0161\u00ed, proto\u017ee ji\u017e nemus\u00edte nastavovat webovou str\u00e1nku znovu. &nbsp; Jak\u00e9 Cookies u [&hellip;]","og_url":"https:\/\/ostravacentral.cz\/en\/cookies\/","og_site_name":"P3 Ostrava","article_modified_time":"2021-12-28T15:51:24+00:00","twitter_card":"summary_large_image","twitter_misc":{"Est. reading time":"5 minutes"},"schema":{"@context":"https:\/\/schema.org","@graph":[{"@type":"WebSite","@id":"https:\/\/ostravacentral.cz\/#website","url":"https:\/\/ostravacentral.cz\/","name":"P3 Ostrava","description":"Dal\u0161\u00ed web pou\u017e\u00edvaj\u00edc\u00ed WordPress","potentialAction":[{"@type":"SearchAction","target":{"@type":"EntryPoint","urlTemplate":"https:\/\/ostravacentral.cz\/?s={search_term_string}"},"query-input":"required name=search_term_string"}],"inLanguage":"en-US"},{"@type":"WebPage","@id":"https:\/\/ostravacentral.cz\/en\/cookies\/#webpage","url":"https:\/\/ostravacentral.cz\/en\/cookies\/","name":"Information about cookies on this page - P3 Ostrava","isPartOf":{"@id":"https:\/\/ostravacentral.cz\/#website"},"datePublished":"2021-12-28T15:32:48+00:00","dateModified":"2021-12-28T15:51:24+00:00","breadcrumb":{"@id":"https:\/\/ostravacentral.cz\/en\/cookies\/#breadcrumb"},"inLanguage":"en-US","potentialAction":[{"@type":"ReadAction","target":["https:\/\/ostravacentral.cz\/en\/cookies\/"]}]},{"@type":"BreadcrumbList","@id":"https:\/\/ostravacentral.cz\/en\/cookies\/#breadcrumb","itemListElement":[{"@type":"ListItem","position":1,"name":"Dom\u016f","item":"https:\/\/ostravacentral.cz\/en\/"},{"@type":"ListItem","position":2,"name":"Information about cookies on this page"}]}]}},"_links":{"self":[{"href":"https:\/\/ostravacentral.cz\/en\/wp-json\/wp\/v2\/pages\/284","targetHints":{"allow":["GET"]}}],"collection":[{"href":"https:\/\/ostravacentral.cz\/en\/wp-json\/wp\/v2\/pages"}],"about":[{"href":"https:\/\/ostravacentral.cz\/en\/wp-json\/wp\/v2\/types\/page"}],"author":[{"embeddable":true,"href":"https:\/\/ostravacentral.cz\/en\/wp-json\/wp\/v2\/users\/1"}],"replies":[{"embeddable":true,"href":"https:\/\/ostravacentral.cz\/en\/wp-json\/wp\/v2\/comments?post=284"}],"version-history":[{"count":5,"href":"https:\/\/ostravacentral.cz\/en\/wp-json\/wp\/v2\/pages\/284\/revisions"}],"predecessor-version":[{"id":289,"href":"https:\/\/ostravacentral.cz\/en\/wp-json\/wp\/v2\/pages\/284\/revisions\/289"}],"wp:attachment":[{"href":"https:\/\/ostravacentral.cz\/en\/wp-json\/wp\/v2\/media?parent=284"}],"curies":[{"name":"wp","href":"https:\/\/api.w.org\/{rel}","templated":true}]}}